{"id":1006,"date":"2015-12-18T07:38:17","date_gmt":"2015-12-18T07:38:17","guid":{"rendered":"https:\/\/palacehotelpolom.sk\/de\/?page_id=1006"},"modified":"2022-12-23T14:17:28","modified_gmt":"2022-12-23T14:17:28","slug":"polom-inklusive-dienstleistungen","status":"publish","type":"page","link":"https:\/\/palacehotelpolom.sk\/de\/hotel\/polom-inklusive-dienstleistungen\/","title":{"rendered":"Polom Inklusive Dienstleistungen"},"content":{"rendered":"<p style=\"padding-bottom: 30px;\">Sie haben vielleicht damit nicht gerechnet, aber bei uns im Palace Hotel Polom**** in Zilina sind die folgenden Dienstleistungen eine Selbstverst\u00e4ndlichkeit. Von jetzt an k\u00f6nnen Sie damit rechnen, dass all das Sie w\u00e4hrend des Aufenthaltes bei uns verdienen. Wir denken statt Ihnen an jedes Detail, damit Sie nur an Ihren <strong>komfortablen Aufenthalt denken k\u00f6nnen<\/strong>.<\/p>\n<div class=\"row-fluid\">\n<div class=\"span6\">\n<div id=\"leftOne\">\n<p><b class=\"podnadpis\">Gro\u00dfe Kleinigkeiten<\/b><\/p>\n<ul>\n<li>Tagespresse: Sme, Pravda, Nov\u00fd \u010das, Plus jeden de\u0148, \u017dilinsk\u00fd ve\u010dern\u00edk, \u010dasopisy &#8211; Top hotelierstvo, Hotelier,<\/li>\n<li><strong>Zimmerservice von 24 Stunden<\/strong>,<\/li>\n<li>Computer mit Internetanschluss an der Rezeption 24 Stunden,<\/li>\n<li>Parken im Hotelareal, Parkplatz ist durch das Kamerasystem \u00fcberwacht,<\/li>\n<li>Internet im ganzen Hotel (Wi-fi anschlie\u00dfbar durchs Netzkabel).<\/li>\n<\/ul>\n<\/div>\n<div id=\"leftTwo\">\n<p><b class=\"podnadpis\">F\u00fcr Ihren Komfort und Ihr angenehmes Gef\u00fchl<\/b><\/p>\n<ul>\n<li>Jedes Zimmer ist mit Klimaanlage ausgestattet und bietet ein exklusives Schlafzimmer mit M\u00f6beln aus tropischem Holz, Badezimmer mit Sauna und mit jeder Menge vieler Accessoires von 4*-Standard,<\/li>\n<li>Luxus-Bademantel aus Baumwolle,<\/li>\n<li>Verleih von Reiseadapter, Kaffeemaschine, B\u00fcgeleisen mit B\u00fcgelbrett.<\/li>\n<\/ul>\n<\/div>\n<\/div>\n<div class=\"span6\">\n<div id=\"rightOne\">\n<p><b class=\"podnadpis\">F\u00fcr einen ruhigen Schlaf<\/b><\/p>\n<ul>\n<li>Alle Fenster sind mit dunklen Vorh\u00e4ngen f\u00fcr g\u00e4nzliche Verdunkelung ausgestattet,<\/li>\n<li>Betten in allen Zimmern sind mit antiallergischer Bettw\u00e4sche und mit 30cm-dicken 5-Zonen-Latex-Mattrazen mit Bel\u00fcftungssystem von Typ Royal Legacy ausgestattet,<\/li>\n<li>Alle Betten sind in der L\u00e4nge von 2 m und <strong>Breite \u00dcberstandard<\/strong> f\u00fcr einzelne Kategorien.<\/li>\n<\/ul>\n<\/div>\n<div id=\"rightTwo\">\n<p><b class=\"podnadpis\">Wo Business pulsiert<\/b><\/p>\n<ul>\n<li>\u00fcppiges Fr\u00fchst\u00fcck in Form von Buffet wird von 6,00 bis 10,00 Uhr serviert,<\/li>\n<li>Arbeitstisch in jedem Zimmer,<\/li>\n<li>Beleuchtung mit der M\u00f6glichkeit die Lichtst\u00e4rke anzustellen,<\/li>\n<li>Espresso-Kaffeemaschine Lamborghini mit Zubeh\u00f6r f\u00fcr Kaffee- oder Teezubereitung auf Zimmern Business und h\u00f6her,<\/li>\n<li>Schuhputzger\u00e4t.<\/li>\n<\/ul>\n<\/div>\n<\/div>\n<\/div>\n","protected":false},"excerpt":{"rendered":"<p style=\"padding-bottom: 30px;\">Sie haben vielleicht damit nicht gerechnet, aber bei uns im Palace Hotel Polom**** in Zilina sind die folgenden Dienstleistungen eine Selbstverst\u00e4ndlichkeit. Von jetzt an k\u00f6nnen Sie damit rechnen, dass all das Sie w\u00e4hrend des Aufenthaltes bei uns verdienen. Wir denken statt Ihnen an jedes Detail, damit Sie nur an Ihren komfortablen Aufenthalt denken k\u00f6nnen.<\/p>\n<p>Gro\u00dfe Kleinigkeiten<\/p>\n<ul>\n<li>Tagespresse: Sme, Pravda, Nov\u00fd \u010das, Plus jeden de\u0148, \u017dilinsk\u00fd ve\u010dern\u00edk, \u010dasopisy &#8211; Top hotelierstvo,<\/li>\n<\/ul>\n","protected":false},"author":10,"featured_media":-1,"parent":970,"menu_order":2,"comment_status":"closed","ping_status":"closed","template":"","meta":{"ngg_post_thumbnail":0,"footnotes":""},"_links":{"self":[{"href":"https:\/\/palacehotelpolom.sk\/de\/wp-json\/wp\/v2\/pages\/1006"}],"collection":[{"href":"https:\/\/palacehotelpolom.sk\/de\/wp-json\/wp\/v2\/pages"}],"about":[{"href":"https:\/\/palacehotelpolom.sk\/de\/wp-json\/wp\/v2\/types\/page"}],"author":[{"embeddable":true,"href":"https:\/\/palacehotelpolom.sk\/de\/wp-json\/wp\/v2\/users\/10"}],"replies":[{"embeddable":true,"href":"https:\/\/palacehotelpolom.sk\/de\/wp-json\/wp\/v2\/comments?post=1006"}],"version-history":[{"count":9,"href":"https:\/\/palacehotelpolom.sk\/de\/wp-json\/wp\/v2\/pages\/1006\/revisions"}],"predecessor-version":[{"id":1657,"href":"https:\/\/palacehotelpolom.sk\/de\/wp-json\/wp\/v2\/pages\/1006\/revisions\/1657"}],"up":[{"embeddable":true,"href":"https:\/\/palacehotelpolom.sk\/de\/wp-json\/wp\/v2\/pages\/970"}],"wp:featuredmedia":[{"embeddable":true,"href":"https:\/\/palacehotelpolom.sk\/de\/wp-json\/"}],"wp:attachment":[{"href":"https:\/\/palacehotelpolom.sk\/de\/wp-json\/wp\/v2\/media?parent=1006"}],"curies":[{"name":"wp","href":"https:\/\/api.w.org\/{rel}","templated":true}]}}