{"id":1061,"date":"2015-12-21T09:04:42","date_gmt":"2015-12-21T09:04:42","guid":{"rendered":"https:\/\/palacehotelpolom.sk\/de\/?page_id=1061"},"modified":"2022-10-12T10:57:43","modified_gmt":"2022-10-12T10:57:43","slug":"konferenzen-veranstaltungen","status":"publish","type":"page","link":"https:\/\/palacehotelpolom.sk\/de\/events\/konferenzen-veranstaltungen\/","title":{"rendered":"Konferenzen &#038; Veranstaltungen"},"content":{"rendered":"<p>Palace Hotel Polom**** in Zilina bietet ein breites Skala von Konferenzr\u00e4umen jeweils mit Klimaanlage ausgestattet f\u00fcr Firmen- und Privatveranstaltungen an.<br \/>\n<strong>Das Hotel verf\u00fcgt \u00fcber drei Konferenzsaale und zwei kleine Salons.<\/strong> Dank der Variabilit\u00e4t dieser R\u00e4umlichkeiten und ihrer technischen Spitzenausstattung werden hier Konferenzen, Seminare, Kurse, Schulungen, Gesch\u00e4fts- und Arbeitsverhandlungen und andere gesellschaftliche Events veranstaltet. Das professionelle Team Palace Hotel Polom**** in Zilina sorgt f\u00fcr einen hohen Standard beim Organisieren der Veranstaltungen. Es ist zur Selbstverst\u00e4ndlichkeit geworden, dass wir f\u00fcr Sie Tische aufstellen als auch Erfrischung nach Ihrer Wahl vorbereiten.<\/p>\n<hr>\n<p>Palace Hotel Polom**** in Zilina kann seine R\u00e4umlichkeiten mit der Kapazit\u00e4t von bis 200 Personen f\u00fcr verschiedene Anl\u00e4sse: Hochzeiten, Familienfeiern und Konferenzen vorbereiten. Der Konferenzsaal ist technisch v\u00f6llig ausgestattet und betr\u00e4gt die Kapazit\u00e4t von 70 Personen. Der wei\u00dfe kleine Salon mit der Kapazit\u00e4t von 14 Personen ist geeignet f\u00fcr die Klienten, die bei ihren Familienfesten, gesellschaftlichen Treffen oder Gesch\u00e4ftsverhandlungen Privatatmosph\u00e4re bevorzugen. Der kleine Lord-Salon in braunen T\u00f6nen eingerichtet ist f\u00fcr 22 Personen geeignet. Zur Verf\u00fcgung steht den G\u00e4sten auch der bewachte Parkplatz mit der Kapazit\u00e4t von 80 Fahrzeugen.<\/p>\n<table class=\"konfEven\" style=\"margin-top: 30px;\">\n<tbody>\n<tr>\n<th>Raum<\/th>\n<th style=\"padding-bottom: 10px;\">Kino<br \/>\n<img decoding=\"async\" src=\"\/wp-content\/themes\/hotel_polom\/assets\/ico\/tvar_kino.png\" alt=\"typ sedenia kino\"><\/th>\n<th style=\"padding-bottom: 10px;\">Form \u201eI\u201c<br \/>\n<img decoding=\"async\" src=\"\/wp-content\/themes\/hotel_polom\/assets\/ico\/tvar_I.png\" alt=\"typ sedenia I\"><\/th>\n<th style=\"padding-bottom: 10px;\">Kongress<br \/>\n<img decoding=\"async\" src=\"\/wp-content\/themes\/hotel_polom\/assets\/ico\/tvar_skolske.png\" alt=\"typ sedenia \u0161kolsk\u00e9\"><\/th>\n<\/tr>\n<tr>\n<td>Kongresssaal Palace Restaurant<\/td>\n<td>150<\/td>\n<td>&nbsp;<\/td>\n<td>110<\/td>\n<\/tr>\n<tr>\n<td>Kongresssaal Erdgeschoss<\/td>\n<td>80<\/td>\n<td>&nbsp;<\/td>\n<td>50<\/td>\n<\/tr>\n<tr>\n<td>Kleiner Lord-Salon<\/td>\n<td>&nbsp;<\/td>\n<td>20<\/td>\n<td>&nbsp;<\/td>\n<\/tr>\n<tr>\n<td>Kleiner wei\u00dfer Salon<\/td>\n<td>&nbsp;<\/td>\n<td>14<\/td>\n<td>&nbsp;<\/td>\n<\/tr>\n<\/tbody>\n<\/table>\n<h2 class=\"nadpisStranky\" style=\"font-size: 30px;\"><span class=\"title\">Technische Ausstattung der Zimmer<\/span><\/h2>\n<table class=\"konfEven\">\n<tbody>\n<tr>\n<th>&nbsp;<\/th>\n<th style=\"padding-left: 70px;\">Kongresssaal Palace Restaurant<\/th>\n<th>Kongresssaal Erdgeschoss<\/th>\n<th>Kleiner Lord-Salon<\/th>\n<th>Kleiner wei\u00dfer Salon<\/th>\n<\/tr>\n<tr>\n<td>Internetanschluss<\/td>\n<td>x<\/td>\n<td>x<\/td>\n<td>x<\/td>\n<td>x<\/td>\n<\/tr>\n<tr>\n<td>LCD TV<\/td>\n<td>x<\/td>\n<td>x<\/td>\n<td>x<\/td>\n<td>x<\/td>\n<\/tr>\n<tr>\n<td>Leinwand<\/td>\n<td>x<\/td>\n<td>x<\/td>\n<td>x<\/td>\n<td>x<\/td>\n<\/tr>\n<tr>\n<td>Dataprojektor<\/td>\n<td>x<\/td>\n<td>x<\/td>\n<td>x<\/td>\n<td>x<\/td>\n<\/tr>\n<tr>\n<td>Beschallung<\/td>\n<td>x<\/td>\n<td>x<\/td>\n<td>&nbsp;<\/td>\n<td>&nbsp;<\/td>\n<\/tr>\n<tr>\n<td>DVD-Player<\/td>\n<td>x<\/td>\n<td>x<\/td>\n<td>x<\/td>\n<td>x<\/td>\n<\/tr>\n<tr>\n<td>Flipchart + Filzstifte<\/td>\n<td>x<\/td>\n<td>x<\/td>\n<td>x<\/td>\n<td>x<\/td>\n<\/tr>\n<tr>\n<td>Mikrofon<\/td>\n<td>x<\/td>\n<td>&nbsp;<\/td>\n<td>&nbsp;<\/td>\n<td>&nbsp;<\/td>\n<\/tr>\n<tr>\n<td>Rednerpult<\/td>\n<td>x<\/td>\n<td>&nbsp;<\/td>\n<td>&nbsp;<\/td>\n<td>&nbsp;<\/td>\n<\/tr>\n<tr>\n<td>Einz\u00fcge f\u00fcr St\u00fchle<\/td>\n<td>x<\/td>\n<td>x<\/td>\n<td>x<\/td>\n<td>x<\/td>\n<\/tr>\n<tr>\n<td>Tageslicht<\/td>\n<td>x<\/td>\n<td>&nbsp;<\/td>\n<td>x<\/td>\n<td>&nbsp;<\/td>\n<\/tr>\n<\/tbody>\n<\/table>\n<h2 class=\"nadpisStranky\" style=\"font-size: 30px;\"><span class=\"title\">Falls Sie das Interesse haben, bieten wir an<\/span><\/h2>\n<table id=\"snacks\">\n<tbody>\n<tr>\n<td>Fr\u00fchst\u00fcck in Form von Buffet (f\u00fcr nicht untergebrachte G\u00e4ste)<\/td>\n<td>10,90\u20ac\/Person<\/td>\n<\/tr>\n<tr>\n<td>Kaffeepause \u2013 Kaffee, Cappuccino, Espresso Lungo, Doppio, hei\u00dfe Schokolade, Mineralwasser<\/td>\n<td>5,90\u20ac\/Person<\/td>\n<\/tr>\n<\/tbody>\n<\/table>\n","protected":false},"excerpt":{"rendered":"<p>Palace Hotel Polom**** in Zilina bietet ein breites Skala von Konferenzr\u00e4umen jeweils mit Klimaanlage ausgestattet f\u00fcr Firmen- und Privatveranstaltungen an.<br \/>\nDas Hotel verf\u00fcgt \u00fcber drei Konferenzsaale und zwei kleine Salons. Dank der Variabilit\u00e4t dieser R\u00e4umlichkeiten und ihrer technischen Spitzenausstattung werden hier Konferenzen, Seminare, Kurse, Schulungen, Gesch\u00e4fts- und Arbeitsverhandlungen und andere gesellschaftliche Events veranstaltet. Das professionelle Team Palace Hotel Polom**** in Zilina sorgt f\u00fcr einen hohen Standard beim Organisieren der Veranstaltungen. Es ist zur Selbstverst\u00e4ndlichkeit geworden,<\/p>\n","protected":false},"author":10,"featured_media":-1,"parent":1059,"menu_order":1,"comment_status":"closed","ping_status":"closed","template":"","meta":{"ngg_post_thumbnail":0,"footnotes":""},"_links":{"self":[{"href":"https:\/\/palacehotelpolom.sk\/de\/wp-json\/wp\/v2\/pages\/1061"}],"collection":[{"href":"https:\/\/palacehotelpolom.sk\/de\/wp-json\/wp\/v2\/pages"}],"about":[{"href":"https:\/\/palacehotelpolom.sk\/de\/wp-json\/wp\/v2\/types\/page"}],"author":[{"embeddable":true,"href":"https:\/\/palacehotelpolom.sk\/de\/wp-json\/wp\/v2\/users\/10"}],"replies":[{"embeddable":true,"href":"https:\/\/palacehotelpolom.sk\/de\/wp-json\/wp\/v2\/comments?post=1061"}],"version-history":[{"count":9,"href":"https:\/\/palacehotelpolom.sk\/de\/wp-json\/wp\/v2\/pages\/1061\/revisions"}],"predecessor-version":[{"id":1625,"href":"https:\/\/palacehotelpolom.sk\/de\/wp-json\/wp\/v2\/pages\/1061\/revisions\/1625"}],"up":[{"embeddable":true,"href":"https:\/\/palacehotelpolom.sk\/de\/wp-json\/wp\/v2\/pages\/1059"}],"wp:featuredmedia":[{"embeddable":true,"href":"https:\/\/palacehotelpolom.sk\/de\/wp-json\/"}],"wp:attachment":[{"href":"https:\/\/palacehotelpolom.sk\/de\/wp-json\/wp\/v2\/media?parent=1061"}],"curies":[{"name":"wp","href":"https:\/\/api.w.org\/{rel}","templated":true}]}}