{"id":328,"date":"2015-11-18T11:19:07","date_gmt":"2015-11-18T11:19:07","guid":{"rendered":"https:\/\/palacehotelpolom.sk\/de\/?page_id=328"},"modified":"2016-01-12T14:56:42","modified_gmt":"2016-01-12T14:56:42","slug":"storno-podmienky","status":"publish","type":"page","link":"https:\/\/palacehotelpolom.sk\/de\/hotel\/storno-podmienky\/","title":{"rendered":"Storno podmienky"},"content":{"rendered":"<h3 style=\"padding-left: 60px;\"><i class=\"fa fa-fw fa-info\"><\/i> INFORM\u00c1CIE<\/h3>\n<p>Ka\u017ed\u00fa zmenu alebo zru\u0161enie dohodnut\u00e9ho rozsahu objednan\u00fdch a\u00a0n\u00e1sledne hotelom potvrden\u00fdch slu\u017eieb je klient povinn\u00fd ozn\u00e1mi\u0165 hotelu p\u00edsomne. Storno poplatok pre individu\u00e1lnych klientov a\u00a0jeho v\u00fd\u0161ka z\u00e1vis\u00ed od d\u0148a stornovania pred za\u010diatkom realiz\u00e1cie slu\u017eieb:<\/p>\n<ul>\n<li>pri storne <b>do 2 pracovn\u00fdch dn\u00ed<\/b> pred pl\u00e1novan\u00fdm pr\u00edchodom je <b>bezplatn\u00e9<\/b> storno,<\/li>\n<li>pri storne <b>do 1 pracovn\u00e9ho d\u0148a<\/b> pred pl\u00e1novan\u00fdm pr\u00edchodom je storno <b>50% z ceny<\/b> ubytovania za 1.noc,<\/li>\n<li>pri storne v\u00a0pl\u00e1novan\u00fd <b>de\u0148 pr\u00edchodu po 11:00hod, resp. bez nahl\u00e1senia storna<\/b> je storno <b>100% z ceny<\/b> ubytovania za 1.noc.<\/li>\n<\/ul>\n<hr \/>\n<h3 style=\"padding-left: 60px; margin-bottom: 20px;\"><i class=\"fa fa-fw fa-calendar\"><\/i> REZERV\u00c1CIA<\/h3>\n<p><b class=\"podnadpis\">Garantovan\u00e1 rezerv\u00e1cia<\/b><br \/>\nPri garantovanej rezerv\u00e1cii po\u017eadovan\u00fa izbu dr\u017e\u00edme pre klienta do dohodnutej hodiny. Pod\u013ea ubytovacieho poriadku hotela je to do 18:00hod. v\u00a0de\u0148 pr\u00edchodu, pokia\u013e klient neinformuje hotel o neskorom pr\u00edchode.<\/p>\n<p><b>Za garantovan\u00fa rezerv\u00e1ciu hotel pova\u017euje nasledovn\u00e9 rezerv\u00e1cie:<\/b><\/p>\n<ul style=\"margin: 20px 0;\">\n<li>rezerv\u00e1cia vopred zaplaten\u00e1 &#8211; klient uhradil za pobyt vopred,<\/li>\n<li>rezerv\u00e1cia garantovan\u00e1 kreditnou kartou &#8211; klient garantuje svoj pr\u00edchod na z\u00e1klade \u00fadajov o kreditnej karte, kedy v\u00a0pr\u00edpade zru\u0161enia rezerv\u00e1cie hotel opr\u00e1v\u0148uje \u00fa\u010dtova\u0165 storno poplatok,<\/li>\n<li>rezerv\u00e1cia zaplaten\u00e1 predfakt\u00farou &#8211; rezerv\u00e1cia, kedy celkov\u00e1 \u010diastka za pobyt bola vopred uhraden\u00e1 na z\u00e1klade vystavenej predfakt\u00fary,<\/li>\n<li>rezerv\u00e1cia garantovan\u00e1 cestovnou kancel\u00e1riou, pr\u00edpadne sprostredkovate\u013emi,<\/li>\n<li>rezerv\u00e1cia garantovan\u00e1 na z\u00e1klade korpor\u00e1tnej dohody.<\/li>\n<\/ul>\n<p><b class=\"podnadpis\">Negarantovan\u00e1 rezerv\u00e1cia<\/b><br \/>\nV\u00a0pr\u00edpade negarantovanej rezerv\u00e1cie hotel negarantuje izbu pre klienta. Zamestnanec recepcie je povinn\u00fd 48 hod\u00edn pred pl\u00e1novan\u00fdm pr\u00edchodom ka\u017ed\u00fa predbe\u017en\u00fa, resp. negarantovan\u00fa rezerv\u00e1ciu overi\u0165 a\u00a0po\u017eiada\u0165 klienta o\u00a0zaslanie garancie. Ak tak i\u00a0napriek upozorneniu klient neurob\u00ed, hotel rezerv\u00e1ciu klientovi negarantuje.<\/p>\n<hr \/>\n<h3 style=\"padding-left: 60px;\"><i class=\"fa fa-fw fa-university\"><\/i> DETAILY BANKOV\u00c9HO \u00da\u010cTU<\/h3>\n<p>Palace Hotel Polom, s.r.o.<br \/>\nPe\u0148a\u017en\u00fd \u00fastav: UniCredit banka a.s.<br \/>\n\u010c\u00edslo \u00fa\u010dtu: 1033384009\/1111<br \/>\nSWIFT: UNCRSKBX<br \/>\nIBAN: SK85 1111 0000 0010 3338 4009<\/p>\n","protected":false},"excerpt":{"rendered":"<p><i class=\"fa fa-fw fa-info\"><\/i> INFORM\u00c1CIE<\/p>\n<p>Ka\u017ed\u00fa zmenu alebo zru\u0161enie dohodnut\u00e9ho rozsahu objednan\u00fdch a\u00a0n\u00e1sledne hotelom potvrden\u00fdch slu\u017eieb je klient povinn\u00fd ozn\u00e1mi\u0165 hotelu p\u00edsomne. Storno poplatok pre individu\u00e1lnych klientov a\u00a0jeho v\u00fd\u0161ka z\u00e1vis\u00ed od d\u0148a stornovania pred za\u010diatkom realiz\u00e1cie slu\u017eieb:<\/p>\n<ul>\n<li>pri storne do 2 pracovn\u00fdch dn\u00ed pred pl\u00e1novan\u00fdm pr\u00edchodom je bezplatn\u00e9 storno,<\/li>\n<li>pri storne do 1 pracovn\u00e9ho d\u0148a pred pl\u00e1novan\u00fdm pr\u00edchodom je storno 50% z ceny ubytovania za 1.noc,<\/li>\n<li>pri storne v\u00a0pl\u00e1novan\u00fd de\u0148 pr\u00edchodu po 11:00hod,<\/li>\n<\/ul>\n","protected":false},"author":10,"featured_media":0,"parent":970,"menu_order":3,"comment_status":"closed","ping_status":"closed","template":"","meta":{"ngg_post_thumbnail":0,"footnotes":""},"_links":{"self":[{"href":"https:\/\/palacehotelpolom.sk\/de\/wp-json\/wp\/v2\/pages\/328"}],"collection":[{"href":"https:\/\/palacehotelpolom.sk\/de\/wp-json\/wp\/v2\/pages"}],"about":[{"href":"https:\/\/palacehotelpolom.sk\/de\/wp-json\/wp\/v2\/types\/page"}],"author":[{"embeddable":true,"href":"https:\/\/palacehotelpolom.sk\/de\/wp-json\/wp\/v2\/users\/10"}],"replies":[{"embeddable":true,"href":"https:\/\/palacehotelpolom.sk\/de\/wp-json\/wp\/v2\/comments?post=328"}],"version-history":[{"count":6,"href":"https:\/\/palacehotelpolom.sk\/de\/wp-json\/wp\/v2\/pages\/328\/revisions"}],"predecessor-version":[{"id":1317,"href":"https:\/\/palacehotelpolom.sk\/de\/wp-json\/wp\/v2\/pages\/328\/revisions\/1317"}],"up":[{"embeddable":true,"href":"https:\/\/palacehotelpolom.sk\/de\/wp-json\/wp\/v2\/pages\/970"}],"wp:attachment":[{"href":"https:\/\/palacehotelpolom.sk\/de\/wp-json\/wp\/v2\/media?parent=328"}],"curies":[{"name":"wp","href":"https:\/\/api.w.org\/{rel}","templated":true}]}}