{"id":968,"date":"2015-12-17T13:36:00","date_gmt":"2015-12-17T13:36:00","guid":{"rendered":"https:\/\/palacehotelpolom.sk\/de\/?page_id=968"},"modified":"2022-10-12T09:30:27","modified_gmt":"2022-10-12T09:30:27","slug":"ueber-das-hotel","status":"publish","type":"page","link":"https:\/\/palacehotelpolom.sk\/de\/hotel\/ueber-das-hotel\/","title":{"rendered":"\u00dcber das Hotel"},"content":{"rendered":"<p>Wenn Sie eine Umgebung m\u00f6gen, die etwas Geschichte atmet, wenn Sie Komfort und gute K\u00fcche hochsch\u00e4tzen k\u00f6nnen und gleichzeitig eine wunderbare Unterkunft ganz im Zentrum von Zilina suchen, dann ist das Palace Hotel Polom**** der richtige Ort f\u00fcr Sie. Ein schmackhaft renoviertes Hotel, das sich direkt am Rande der Fu\u00dfg\u00e4ngerzone befindet, hat erfolgreich an die mehr als 100-Jahre-alte Hoteltradition angekn\u00fcpft.<\/p>\n<hr>\n<div class=\"row-fluid\" style=\"padding: 0 0 20px 0;\">\n<div class=\"span4\"><img decoding=\"async\" loading=\"lazy\" width=\"960\" height=\"640\" class=\"alignnone size-large wp-image-583\" src=\"https:\/\/palacehotelpolom.sk\/wp-content\/uploads\/2015\/12\/Kaviaren-v-Palace-Hotel-Polom-v-Ziline-2.jpg\" alt=\"Kaviaren-v-Palace-Hotel-Polom-v-Ziline-2\" srcset=\"https:\/\/palacehotelpolom.sk\/wp-content\/uploads\/2015\/12\/Kaviaren-v-Palace-Hotel-Polom-v-Ziline-2.jpg 960w, https:\/\/palacehotelpolom.sk\/wp-content\/uploads\/2015\/12\/Kaviaren-v-Palace-Hotel-Polom-v-Ziline-2-300x200.jpg 300w\" sizes=\"(max-width: 960px) 100vw, 960px\" \/><\/div>\n<div class=\"span4\"><img decoding=\"async\" loading=\"lazy\" width=\"960\" height=\"640\" class=\"alignnone size-large wp-image-605\" src=\"https:\/\/palacehotelpolom.sk\/wp-content\/uploads\/2015\/12\/Teppanyaki-stol-v-Palace-Hotel-Polom-v-Ziline-2.jpg\" alt=\"Teppanyaki-stol-v-Palace-Hotel-Polom-v-Ziline-2\" srcset=\"https:\/\/palacehotelpolom.sk\/wp-content\/uploads\/2015\/12\/Teppanyaki-stol-v-Palace-Hotel-Polom-v-Ziline-2.jpg 960w, https:\/\/palacehotelpolom.sk\/wp-content\/uploads\/2015\/12\/Teppanyaki-stol-v-Palace-Hotel-Polom-v-Ziline-2-300x200.jpg 300w\" sizes=\"(max-width: 960px) 100vw, 960px\" \/><\/div>\n<div class=\"span4\"><img decoding=\"async\" loading=\"lazy\" width=\"960\" height=\"640\" class=\"alignnone size-large wp-image-609\" src=\"https:\/\/palacehotelpolom.sk\/wp-content\/uploads\/2015\/12\/Terasa-v-Palace-Hotel-Polom-v-Ziline.jpg\" alt=\"Terasa-v-Palace-Hotel-Polom-v-Ziline\" srcset=\"https:\/\/palacehotelpolom.sk\/wp-content\/uploads\/2015\/12\/Terasa-v-Palace-Hotel-Polom-v-Ziline.jpg 960w, https:\/\/palacehotelpolom.sk\/wp-content\/uploads\/2015\/12\/Terasa-v-Palace-Hotel-Polom-v-Ziline-300x200.jpg 300w\" sizes=\"(max-width: 960px) 100vw, 960px\" \/><\/div>\n<\/div>\n<h3>Die h\u00f6chsten Standards der Unterkunft<\/h3>\n<p><strong>Ein exklusives Palace Hotel Polom****<\/strong> in Zilina bietet die Unterkunft in seinen 69 luxuri\u00f6s eingerichteten Zimmern vom h\u00f6chsten Standard an. Das Hotel beherbergt 14 Einbettzimmer Standard, 9 Zweizimmerzimmer Standard, 26 Zweibettzimmer Business, 17 Zweibettzimmer Business extra, 3 luxuri\u00f6se Zweibettappartements und 10 Zustellbetten.<\/p>\n<p>Durch seine attraktive Lage direkt in der Stadtfu\u00dfg\u00e4ngerzone ist das Hotel bestimmt f\u00fcr Gesch\u00e4ftsklienten, die auch Parkm\u00f6glichkeiten auf dem gesch\u00fctzten Parkplatz sch\u00e4tzen. Das Hotel bietet au\u00dfer Unterkunft- und Verpflegungsm\u00f6glichkeiten auch ganze Reihe von komplexen zus\u00e4tzlichen Dienstleistungen. Zur Verf\u00fcgung stehen noch 2 Kongresss\u00e4le und 2 angenehm eingerichtete kleine Salons. Sie finden hier Konferenzr\u00e4ume f\u00fcr private Treffen als auch einen Kongresssaal mit der Kapazit\u00e4t von <strong>150 Personen<\/strong>.<\/p>\n<h3>Komfort im Zentrum von \u017dilina<\/h3>\n<p>Palace Hotel Polom**** in Zilina ist <strong>ein Eintrittstor ins Zentrum von Zilina<\/strong>. Das majest\u00e4tische Geb\u00e4ude, das sich am Rande zum Stadtzentrum befindet, zieht die Aufmerksamkeit nicht nur durch sein Aussehen, sondern auch durch seine Geschichte, die man in jedem Innenst\u00fcck sp\u00fcrt. Eine Vorstellung von Luxus erf\u00fcllen Business Zimmer. In jedem Zimmer sind 5-Zonen-, ergonomisch geformte Matratzen, antiallergische Bettw\u00e4sche und Bettdecken. Zum Grundstandard der Zimmer geh\u00f6rt das Badezimmer, das mit der Dusche und der Badewanne, mit dem Radio, Hydromassage und Dampfsauna ausgestattet ist. Wi-fi-Anschluss ist nat\u00fcrlich kostenfrei.<br \/>\nAnspruchsvolleren Klienten und Business-Klienten stehen zur Verf\u00fcgung <strong>drei Luxus-Appartements<\/strong> (<a href=\"..\/raume-appartments\/prasident-appartement\/\">Pr\u00e4sident-Appartement<\/a>, <a href=\"..\/raume-appartments\/maria-theresia-appartement\/\">Maria-Theresia-Appartement<\/a>, und das&nbsp;<a href=\"..\/raume-appartments\/appartement-von-ludwig-iv\/\">Appartement von Ludwig IV.<\/a>).<\/p>\n<p>Jedes Appartement bietet luxuri\u00f6s eingerichtetes Arbeitszimmer mit Besprechungssalon an, exklusives Schlafzimmer mit M\u00f6beln aus tropischem Holz mit Gold geschm\u00fcckt, Badezimmer mit Dampfsauna und gro\u00dfe Menge an anderen Details. Romantisch gestimmte G\u00e4ste erfreut Maria-Theresia-Appartement, das in Wei\u00df eingerichtet ist, erg\u00e4nzt durch Rosamarmor und Goldschmuck. Alle Zimmer und Appartements sind schmackhaft mit zeitm\u00e4\u00dfigen \u00d6lgem\u00e4lden dekoriert.<\/p>\n","protected":false},"excerpt":{"rendered":"<p>Wenn Sie eine Umgebung m\u00f6gen, die etwas Geschichte atmet, wenn Sie Komfort und gute K\u00fcche hochsch\u00e4tzen k\u00f6nnen und gleichzeitig eine wunderbare Unterkunft ganz im Zentrum von Zilina suchen, dann ist das Palace Hotel Polom**** der richtige Ort f\u00fcr Sie. Ein schmackhaft renoviertes Hotel, das sich direkt am Rande der Fu\u00dfg\u00e4ngerzone befindet, hat erfolgreich an die mehr als 100-Jahre-alte Hoteltradition angekn\u00fcpft.<\/p>\n<p><img decoding=\"async\" loading=\"lazy\" width=\"960\" height=\"640\" class=\"alignnone size-large wp-image-583\" src=\"https:\/\/palacehotelpolom.sk\/wp-content\/uploads\/2015\/12\/Kaviaren-v-Palace-Hotel-Polom-v-Ziline-2.jpg\" alt=\"Kaviaren-v-Palace-Hotel-Polom-v-Ziline-2\" srcset=\"https:\/\/palacehotelpolom.sk\/wp-content\/uploads\/2015\/12\/Kaviaren-v-Palace-Hotel-Polom-v-Ziline-2.jpg 960w, https:\/\/palacehotelpolom.sk\/wp-content\/uploads\/2015\/12\/Kaviaren-v-Palace-Hotel-Polom-v-Ziline-2-300x200.jpg 300w\" sizes=\"(max-width: 960px) 100vw, 960px\" \/><br \/>\n<img decoding=\"async\" loading=\"lazy\" width=\"960\" height=\"640\" class=\"alignnone size-large wp-image-605\" src=\"https:\/\/palacehotelpolom.sk\/wp-content\/uploads\/2015\/12\/Teppanyaki-stol-v-Palace-Hotel-Polom-v-Ziline-2.jpg\" alt=\"Teppanyaki-stol-v-Palace-Hotel-Polom-v-Ziline-2\" srcset=\"https:\/\/palacehotelpolom.sk\/wp-content\/uploads\/2015\/12\/Teppanyaki-stol-v-Palace-Hotel-Polom-v-Ziline-2.jpg 960w, https:\/\/palacehotelpolom.sk\/wp-content\/uploads\/2015\/12\/Teppanyaki-stol-v-Palace-Hotel-Polom-v-Ziline-2-300x200.jpg 300w\" sizes=\"(max-width: 960px) 100vw, 960px\" \/><br \/>\n<img decoding=\"async\" loading=\"lazy\" width=\"960\" height=\"640\" class=\"alignnone size-large wp-image-609\" src=\"https:\/\/palacehotelpolom.sk\/wp-content\/uploads\/2015\/12\/Terasa-v-Palace-Hotel-Polom-v-Ziline.jpg\" alt=\"Terasa-v-Palace-Hotel-Polom-v-Ziline\" srcset=\"https:\/\/palacehotelpolom.sk\/wp-content\/uploads\/2015\/12\/Terasa-v-Palace-Hotel-Polom-v-Ziline.jpg 960w, https:\/\/palacehotelpolom.sk\/wp-content\/uploads\/2015\/12\/Terasa-v-Palace-Hotel-Polom-v-Ziline-300x200.jpg 300w\" sizes=\"(max-width: 960px) 100vw, 960px\" \/><\/p>\n<p>Die h\u00f6chsten Standards der Unterkunft<\/p>\n<p>Ein exklusives Palace Hotel Polom**** in Zilina bietet die Unterkunft in seinen 69 luxuri\u00f6s eingerichteten Zimmern vom h\u00f6chsten Standard an.<\/p>\n","protected":false},"author":10,"featured_media":-1,"parent":970,"menu_order":0,"comment_status":"closed","ping_status":"closed","template":"page-o-hoteli.php","meta":{"ngg_post_thumbnail":0,"footnotes":""},"_links":{"self":[{"href":"https:\/\/palacehotelpolom.sk\/de\/wp-json\/wp\/v2\/pages\/968"}],"collection":[{"href":"https:\/\/palacehotelpolom.sk\/de\/wp-json\/wp\/v2\/pages"}],"about":[{"href":"https:\/\/palacehotelpolom.sk\/de\/wp-json\/wp\/v2\/types\/page"}],"author":[{"embeddable":true,"href":"https:\/\/palacehotelpolom.sk\/de\/wp-json\/wp\/v2\/users\/10"}],"replies":[{"embeddable":true,"href":"https:\/\/palacehotelpolom.sk\/de\/wp-json\/wp\/v2\/comments?post=968"}],"version-history":[{"count":3,"href":"https:\/\/palacehotelpolom.sk\/de\/wp-json\/wp\/v2\/pages\/968\/revisions"}],"predecessor-version":[{"id":1619,"href":"https:\/\/palacehotelpolom.sk\/de\/wp-json\/wp\/v2\/pages\/968\/revisions\/1619"}],"up":[{"embeddable":true,"href":"https:\/\/palacehotelpolom.sk\/de\/wp-json\/wp\/v2\/pages\/970"}],"wp:featuredmedia":[{"embeddable":true,"href":"https:\/\/palacehotelpolom.sk\/de\/wp-json\/"}],"wp:attachment":[{"href":"https:\/\/palacehotelpolom.sk\/de\/wp-json\/wp\/v2\/media?parent=968"}],"curies":[{"name":"wp","href":"https:\/\/api.w.org\/{rel}","templated":true}]}}