{"id":481,"date":"2015-12-02T08:33:05","date_gmt":"2015-12-02T08:33:05","guid":{"rendered":"https:\/\/palacehotelpolom.sk\/en\/?page_id=481"},"modified":"2015-12-02T16:33:54","modified_gmt":"2015-12-02T16:33:54","slug":"conference-rooms","status":"publish","type":"page","link":"https:\/\/palacehotelpolom.sk\/en\/events\/conference-rooms\/","title":{"rendered":"Conference Rooms"},"content":{"rendered":"<p>Palace Hotel Polom**** v \u017diline pon\u00faka \u0161irok\u00fa \u0161k\u00e1lu konferen\u010dn\u00fdch klimatizovan\u00fdch priestorov pre firemn\u00e9 a\u00a0s\u00fakromn\u00e9 akcie. Hotel disponuje tromi konferen\u010dn\u00fdmi s\u00e1lami a dvomi sal\u00f3nikmi. V\u010faka variabilnosti t\u00fdchto priestorov a \u0161pi\u010dkov\u00e9mu technick\u00e9mu vybaveniu je mo\u017en\u00e9 usporiada\u0165 konferencie, semin\u00e1re, kurzy, \u0161kolenia, kurzy, obchodn\u00e9 a pracovn\u00e9 rokovania a in\u00e9 spolo\u010densk\u00e9 podujatia.\u00a0Profesion\u00e1lny t\u00edm Palace Hotel Polom**** v\u00a0\u017diline zabezpe\u010d\u00ed vysok\u00fd \u0161tandard organiz\u00e1cie akci\u00ed. Samozrejmos\u0165ou je mo\u017enos\u0165 usporiadania stolov, ako aj pr\u00edpravy ob\u010derstvenia pod\u013ea v\u00e1\u0161ho \u017eelania.<\/p>\n<p>Palace Hotel Polom Restaurant **** dok\u00e1\u017ee flexibilne prisp\u00f4sobi\u0165 svoje priestory pre r\u00f4zne pr\u00edle\u017eitosti &#8211; svadby, rodinn\u00e9 oslavy a\u00a0konferencie s kapacitou a\u017e do 200 os\u00f4b. Konferen\u010dn\u00e1 s\u00e1la je plne technicky vybaven\u00e1 miestnos\u0165 s\u00a0kapacitou 70 os\u00f4b. Biely sal\u00f3nik s kapacitou 14 os\u00f4b je ur\u010den\u00fd pre klientov uprednost\u0148uj\u00facich s\u00fakromie pri rodinn\u00fdch sl\u00e1vnostiach, spolo\u010densk\u00fdch stretnutiach alebo obchodn\u00fdch rokovaniach. Lordsk\u00fd sal\u00f3nik je do hneda laden\u00fd priestor, ur\u010den\u00fd pre 22 os\u00f4b. K dispoz\u00edcii je parkovanie na str\u00e1\u017eenom hotelovom parkovisku s\u00a0kapacitou 80 vozidiel.<\/p>\n<p>&nbsp;<\/p>\n<table style=\"width: 100%;\">\n<tbody style=\"border: 1px solid black; border-collapse: separate; border-spacing: 4px;\">\n<tr style=\"border: 1px solid black; border-collapse: separate; border-spacing: 4px;\">\n<th style=\"font-weight: bold; border: 1px solid black; border-collapse: separate; border-spacing: 4px;\" colspan=\"3\">N\u00e1zov miestnosti<\/th>\n<th style=\"font-weight: bold; border: 1px solid black; border-collapse: separate; border-spacing: 4px;\" colspan=\"3\">Kino<\/th>\n<th style=\"font-weight: bold; border: 1px solid black; border-collapse: separate; border-spacing: 4px;\" colspan=\"3\">Tvar \u201eI\u201c<\/th>\n<th style=\"font-weight: bold; border: 1px solid black; border-collapse: separate; border-spacing: 4px;\" colspan=\"3\">Kongresov\u00e9<\/th>\n<\/tr>\n<tr style=\"text-align: center; border: 1px solid black; border-collapse: separate; border-spacing: 4px;\">\n<td style=\"text-align: center; border: 1px solid black; border-collapse: separate; border-spacing: 4px;\" colspan=\"3\">Kongresov\u00e1 s\u00e1la Palace Restaurant<\/td>\n<td style=\"text-align: center; border: 1px solid black; border-collapse: separate; border-spacing: 4px;\" colspan=\"3\">200<\/td>\n<td style=\"text-align: center; border: 1px solid black; border-collapse: separate; border-spacing: 4px;\" colspan=\"3\"><\/td>\n<td style=\"text-align: center; border: 1px solid black; border-collapse: separate; border-spacing: 4px;\" colspan=\"3\">130<\/td>\n<\/tr>\n<tr style=\"text-align: center; border: 1px solid black; border-collapse: separate; border-spacing: 4px;\">\n<td style=\"text-align: center; border: 1px solid black; border-collapse: separate; border-spacing: 4px;\" colspan=\"3\">Meeting Room<\/td>\n<td style=\"text-align: center; border: 1px solid black; border-collapse: separate; border-spacing: 4px;\" colspan=\"3\">70<\/td>\n<td style=\"text-align: center; border: 1px solid black; border-collapse: separate; border-spacing: 4px;\" colspan=\"3\"><\/td>\n<td style=\"text-align: center; border: 1px solid black; border-collapse: separate; border-spacing: 4px;\" colspan=\"3\">45<\/td>\n<\/tr>\n<tr style=\"text-align: center; border: 1px solid black; border-collapse: separate; border-spacing: 4px;\">\n<td style=\"text-align: center; border: 1px solid black; border-collapse: separate; border-spacing: 4px;\" colspan=\"3\">Kongresov\u00e1 s\u00e1la pr\u00edzemie<\/td>\n<td style=\"text-align: center; border: 1px solid black; border-collapse: separate; border-spacing: 4px;\" colspan=\"3\">80<\/td>\n<td style=\"text-align: center; border: 1px solid black; border-collapse: separate; border-spacing: 4px;\" colspan=\"3\"><\/td>\n<td style=\"text-align: center; border: 1px solid black; border-collapse: separate; border-spacing: 4px;\" colspan=\"3\">50<\/td>\n<\/tr>\n<tr style=\"text-align: center; border: 1px solid black; border-collapse: separate; border-spacing: 4px;\">\n<td style=\"text-align: center; border: 1px solid black; border-collapse: separate; border-spacing: 4px;\" colspan=\"3\">Lordsk\u00fd sal\u00f3nik<\/td>\n<td style=\"text-align: center; border: 1px solid black; border-collapse: separate; border-spacing: 4px;\" colspan=\"3\"><\/td>\n<td style=\"text-align: center; border: 1px solid black; border-collapse: separate; border-spacing: 4px;\" colspan=\"3\">20<\/td>\n<td style=\"text-align: center; border: 1px solid black; border-collapse: separate; border-spacing: 4px;\" colspan=\"3\"><\/td>\n<\/tr>\n<tr style=\"text-align: center; border: 1px solid black; border-collapse: separate; border-spacing: 4px;\">\n<td style=\"text-align: center; border: 1px solid black; border-collapse: separate; border-spacing: 4px;\" colspan=\"3\">Biely sal\u00f3nik<\/td>\n<td style=\"text-align: center; border: 1px solid black; border-collapse: separate; border-spacing: 4px;\" colspan=\"3\"><\/td>\n<td style=\"text-align: center; border: 1px solid black; border-collapse: separate; border-spacing: 4px;\" colspan=\"3\">14<\/td>\n<td style=\"text-align: center; border: 1px solid black; border-collapse: separate; border-spacing: 4px;\" colspan=\"3\"><\/td>\n<\/tr>\n<\/tbody>\n<\/table>\n<p>&nbsp;<\/p>\n<table style=\"width: 100%;\">\n<tbody style=\"border: 1px solid black; border-collapse: separate; border-spacing: 4px;\">\n<tr style=\"border: 1px solid black; border-collapse: separate; border-spacing: 4px;\">\n<th style=\"font-weight: bold; border: 1px solid black; border-collapse: separate; border-spacing: 4px;\" colspan=\"3\"><span style=\"font-weight: normal;\">\u00a0<\/span><\/th>\n<th style=\"font-weight: bold; border: 1px solid black; border-collapse: separate; border-spacing: 4px;\" colspan=\"3\"><strong>Kongresov\u00e1 s\u00e1la Palace Restaurant<\/strong><\/th>\n<th style=\"font-weight: bold; border: 1px solid black; border-collapse: separate; border-spacing: 4px;\" colspan=\"3\"><strong>Meeting Room<\/strong><\/th>\n<th style=\"font-weight: bold; border: 1px solid black; border-collapse: separate; border-spacing: 4px;\" colspan=\"3\"><strong>Kongresov\u00e1 s\u00e1la pr\u00edzemie<\/strong><\/th>\n<th style=\"font-weight: bold; border: 1px solid black; border-collapse: separate; border-spacing: 4px;\" colspan=\"3\"><strong>Lordsk\u00fd sal\u00f3nik<\/strong><\/th>\n<th style=\"font-weight: bold; border: 1px solid black; border-collapse: separate; border-spacing: 4px;\" colspan=\"3\"><strong>Biely sal\u00f3nik<\/strong><\/th>\n<\/tr>\n<tr style=\"text-align: center; border: 1px solid black; border-collapse: separate; border-spacing: 4px;\">\n<td style=\"text-align: center; border: 1px solid black; border-collapse: separate; border-spacing: 4px;\" colspan=\"3\">Vysokor\u00fdchlostn\u00e9\u00a0pripojenie na internet<\/td>\n<td style=\"text-align: center; border: 1px solid black; border-collapse: separate; border-spacing: 4px;\" colspan=\"3\">X<\/td>\n<td style=\"text-align: center; border: 1px solid black; border-collapse: separate; border-spacing: 4px;\" colspan=\"3\">\u00a0X<\/td>\n<td style=\"text-align: center; border: 1px solid black; border-collapse: separate; border-spacing: 4px;\" colspan=\"3\">X<\/td>\n<td style=\"text-align: center; border: 1px solid black; border-collapse: separate; border-spacing: 4px;\" colspan=\"3\">X<\/td>\n<td style=\"text-align: center; border: 1px solid black; border-collapse: separate; border-spacing: 4px;\" colspan=\"3\">X<\/td>\n<\/tr>\n<tr style=\"text-align: center; border: 1px solid black; border-collapse: separate; border-spacing: 4px;\">\n<td style=\"text-align: center; border: 1px solid black; border-collapse: separate; border-spacing: 4px;\" colspan=\"3\">LCD TV<\/td>\n<td style=\"text-align: center; border: 1px solid black; border-collapse: separate; border-spacing: 4px;\" colspan=\"3\">X<\/td>\n<td style=\"text-align: center; border: 1px solid black; border-collapse: separate; border-spacing: 4px;\" colspan=\"3\">X<\/td>\n<td style=\"text-align: center; border: 1px solid black; border-collapse: separate; border-spacing: 4px;\" colspan=\"3\">X<\/td>\n<td style=\"text-align: center; border: 1px solid black; border-collapse: separate; border-spacing: 4px;\" colspan=\"3\">X<\/td>\n<td style=\"text-align: center; border: 1px solid black; border-collapse: separate; border-spacing: 4px;\" colspan=\"3\">X<\/td>\n<\/tr>\n<tr style=\"text-align: center; border: 1px solid black; border-collapse: separate; border-spacing: 4px;\">\n<td style=\"text-align: center; border: 1px solid black; border-collapse: separate; border-spacing: 4px;\" colspan=\"3\">Premietacie pl\u00e1tno<\/td>\n<td style=\"text-align: center; border: 1px solid black; border-collapse: separate; border-spacing: 4px;\" colspan=\"3\">X<\/td>\n<td style=\"text-align: center; border: 1px solid black; border-collapse: separate; border-spacing: 4px;\" colspan=\"3\">X<\/td>\n<td style=\"text-align: center; border: 1px solid black; border-collapse: separate; border-spacing: 4px;\" colspan=\"3\">X<\/td>\n<td style=\"text-align: center; border: 1px solid black; border-collapse: separate; border-spacing: 4px;\" colspan=\"3\">X<\/td>\n<td style=\"text-align: center; border: 1px solid black; border-collapse: separate; border-spacing: 4px;\" colspan=\"3\">X<\/td>\n<\/tr>\n<tr style=\"text-align: center; border: 1px solid black; border-collapse: separate; border-spacing: 4px;\">\n<td style=\"text-align: center; border: 1px solid black; border-collapse: separate; border-spacing: 4px;\" colspan=\"3\">Dataprojektor<\/td>\n<td style=\"text-align: center; border: 1px solid black; border-collapse: separate; border-spacing: 4px;\" colspan=\"3\">\u00a0X<\/td>\n<td style=\"text-align: center; border: 1px solid black; border-collapse: separate; border-spacing: 4px;\" colspan=\"3\">X<\/td>\n<td style=\"text-align: center; border: 1px solid black; border-collapse: separate; border-spacing: 4px;\" colspan=\"3\">X<\/td>\n<td style=\"text-align: center; border: 1px solid black; border-collapse: separate; border-spacing: 4px;\" colspan=\"3\">X<\/td>\n<td style=\"text-align: center; border: 1px solid black; border-collapse: separate; border-spacing: 4px;\" colspan=\"3\">X<\/td>\n<\/tr>\n<tr style=\"text-align: center; border: 1px solid black; border-collapse: separate; border-spacing: 4px;\">\n<td style=\"text-align: center; border: 1px solid black; border-collapse: separate; border-spacing: 4px;\" colspan=\"3\">Ozvu\u010denie<\/td>\n<td style=\"text-align: center; border: 1px solid black; border-collapse: separate; border-spacing: 4px;\" colspan=\"3\">\u00a0X<\/td>\n<td style=\"text-align: center; border: 1px solid black; border-collapse: separate; border-spacing: 4px;\" colspan=\"3\"><\/td>\n<td style=\"text-align: center; border: 1px solid black; border-collapse: separate; border-spacing: 4px;\" colspan=\"3\"><\/td>\n<td style=\"text-align: center; border: 1px solid black; border-collapse: separate; border-spacing: 4px;\" colspan=\"3\"><\/td>\n<td style=\"text-align: center; border: 1px solid black; border-collapse: separate; border-spacing: 4px;\" colspan=\"3\"><\/td>\n<\/tr>\n<tr style=\"text-align: center; border: 1px solid black; border-collapse: separate; border-spacing: 4px;\">\n<td style=\"text-align: center; border: 1px solid black; border-collapse: separate; border-spacing: 4px;\" colspan=\"3\">DVD prehr\u00e1va\u010d<\/td>\n<td style=\"text-align: center; border: 1px solid black; border-collapse: separate; border-spacing: 4px;\" colspan=\"3\">\u00a0X<\/td>\n<td style=\"text-align: center; border: 1px solid black; border-collapse: separate; border-spacing: 4px;\" colspan=\"3\">X<\/td>\n<td style=\"text-align: center; border: 1px solid black; border-collapse: separate; border-spacing: 4px;\" colspan=\"3\">X<\/td>\n<td style=\"text-align: center; border: 1px solid black; border-collapse: separate; border-spacing: 4px;\" colspan=\"3\">X<\/td>\n<td style=\"text-align: center; border: 1px solid black; border-collapse: separate; border-spacing: 4px;\" colspan=\"3\">X<\/td>\n<\/tr>\n<tr style=\"text-align: center; border: 1px solid black; border-collapse: separate; border-spacing: 4px;\">\n<td style=\"text-align: center; border: 1px solid black; border-collapse: separate; border-spacing: 4px;\" colspan=\"3\">Flipchart + fixky<\/td>\n<td style=\"text-align: center; border: 1px solid black; border-collapse: separate; border-spacing: 4px;\" colspan=\"3\">\u00a0X<\/td>\n<td style=\"text-align: center; border: 1px solid black; border-collapse: separate; border-spacing: 4px;\" colspan=\"3\">X<\/td>\n<td style=\"text-align: center; border: 1px solid black; border-collapse: separate; border-spacing: 4px;\" colspan=\"3\">X<\/td>\n<td style=\"text-align: center; border: 1px solid black; border-collapse: separate; border-spacing: 4px;\" colspan=\"3\">X<\/td>\n<td style=\"text-align: center; border: 1px solid black; border-collapse: separate; border-spacing: 4px;\" colspan=\"3\">X<\/td>\n<\/tr>\n<tr style=\"text-align: center; border: 1px solid black; border-collapse: separate; border-spacing: 4px;\">\n<td style=\"text-align: center; border: 1px solid black; border-collapse: separate; border-spacing: 4px;\" colspan=\"3\">Mikrof\u00f3n<\/td>\n<td style=\"text-align: center; border: 1px solid black; border-collapse: separate; border-spacing: 4px;\" colspan=\"3\">\u00a0X<\/td>\n<td style=\"text-align: center; border: 1px solid black; border-collapse: separate; border-spacing: 4px;\" colspan=\"3\"><\/td>\n<td style=\"text-align: center; border: 1px solid black; border-collapse: separate; border-spacing: 4px;\" colspan=\"3\"><\/td>\n<td style=\"text-align: center; border: 1px solid black; border-collapse: separate; border-spacing: 4px;\" colspan=\"3\"><\/td>\n<td style=\"text-align: center; border: 1px solid black; border-collapse: separate; border-spacing: 4px;\" colspan=\"3\"><\/td>\n<\/tr>\n<tr style=\"text-align: center; border: 1px solid black; border-collapse: separate; border-spacing: 4px;\">\n<td style=\"text-align: center; border: 1px solid black; border-collapse: separate; border-spacing: 4px;\" colspan=\"3\">Re\u010dn\u00edcky pult<\/td>\n<td style=\"text-align: center; border: 1px solid black; border-collapse: separate; border-spacing: 4px;\" colspan=\"3\">\u00a0X<\/td>\n<td style=\"text-align: center; border: 1px solid black; border-collapse: separate; border-spacing: 4px;\" colspan=\"3\"><\/td>\n<td style=\"text-align: center; border: 1px solid black; border-collapse: separate; border-spacing: 4px;\" colspan=\"3\"><\/td>\n<td style=\"text-align: center; border: 1px solid black; border-collapse: separate; border-spacing: 4px;\" colspan=\"3\"><\/td>\n<td style=\"text-align: center; border: 1px solid black; border-collapse: separate; border-spacing: 4px;\" colspan=\"3\"><\/td>\n<\/tr>\n<tr style=\"text-align: center; border: 1px solid black; border-collapse: separate; border-spacing: 4px;\">\n<td style=\"text-align: center; border: 1px solid black; border-collapse: separate; border-spacing: 4px;\" colspan=\"3\">N\u00e1vleky na stoli\u010dky<\/td>\n<td style=\"text-align: center; border: 1px solid black; border-collapse: separate; border-spacing: 4px;\" colspan=\"3\">\u00a0X<\/td>\n<td style=\"text-align: center; border: 1px solid black; border-collapse: separate; border-spacing: 4px;\" colspan=\"3\">X<\/td>\n<td style=\"text-align: center; border: 1px solid black; border-collapse: separate; border-spacing: 4px;\" colspan=\"3\">X<\/td>\n<td style=\"text-align: center; border: 1px solid black; border-collapse: separate; border-spacing: 4px;\" colspan=\"3\"><\/td>\n<td style=\"text-align: center; border: 1px solid black; border-collapse: separate; border-spacing: 4px;\" colspan=\"3\"><\/td>\n<\/tr>\n<tr style=\"text-align: center; border: 1px solid black; border-collapse: separate; border-spacing: 4px;\">\n<td style=\"text-align: center; border: 1px solid black; border-collapse: separate; border-spacing: 4px;\" colspan=\"3\">Denn\u00e9 svetlo<\/td>\n<td style=\"text-align: center; border: 1px solid black; border-collapse: separate; border-spacing: 4px;\" colspan=\"3\">\u00a0X<\/td>\n<td style=\"text-align: center; border: 1px solid black; border-collapse: separate; border-spacing: 4px;\" colspan=\"3\">X<\/td>\n<td style=\"text-align: center; border: 1px solid black; border-collapse: separate; border-spacing: 4px;\" colspan=\"3\"><\/td>\n<td style=\"text-align: center; border: 1px solid black; border-collapse: separate; border-spacing: 4px;\" colspan=\"3\">X<\/td>\n<td style=\"text-align: center; border: 1px solid black; border-collapse: separate; border-spacing: 4px;\" colspan=\"3\"><\/td>\n<\/tr>\n<\/tbody>\n<\/table>\n<p>&nbsp;<\/p>\n<p>V pr\u00edpade z\u00e1ujmu poskytujeme:<\/p>\n<table style=\"width: 100%; margin-top: 0px;\">\n<tbody>\n<tr>\n<td>\n<ul>\n<li>Ra\u0148ajky formou bufetov\u00fdch stolov (pre neubytovan\u00fdch host\u00ed)<\/li>\n<\/ul>\n<\/td>\n<td><strong>10,00\u20ac\/osoba<\/strong><\/td>\n<\/tr>\n<tr>\n<td>\n<ul>\n<li>Coffe break \u2013 k\u00e1va, cappuccino, espresso lungo, doppio, hor\u00faca\u00a0\u010dokol\u00e1da, kongresov\u00e1 miner\u00e1lka<\/li>\n<\/ul>\n<\/td>\n<td><strong>3,90\u20ac\/osoba<\/strong><\/td>\n<\/tr>\n<tr>\n<td>\n<ul>\n<li>Snacky pod\u013ea \u017eelania, napr.:<\/li>\n<\/ul>\n<\/td>\n<td><\/td>\n<\/tr>\n<tr>\n<td style=\"padding-left: 40px;\">chleb\u00edk \u0161unkov\u00fd<\/td>\n<td><strong>1,33\u20ac\/ks<\/strong><\/td>\n<\/tr>\n<tr>\n<td style=\"padding-left: 40px;\">chleb\u00edk syrov\u00fd<\/td>\n<td><strong>1,33\u20ac\/ks<\/strong><\/td>\n<\/tr>\n<tr>\n<td style=\"padding-left: 40px;\">zeleninov\u00fd<\/td>\n<td><strong>1,33\u20ac\/ks<\/strong><\/td>\n<\/tr>\n<tr>\n<td style=\"padding-left: 40px;\">pag\u00e1\u010d<\/td>\n<td><strong>0,76\u20ac\/ks<\/strong><\/td>\n<\/tr>\n<tr>\n<td style=\"padding-left: 40px;\">pizza fornetti<\/td>\n<td><strong>0,76\u20ac\/ks<\/strong><\/td>\n<\/tr>\n<tr>\n<td style=\"padding-left: 40px;\">slim\u00e1k vanilkov\u00fd<\/td>\n<td><strong>0,76\u20ac\/ks<\/strong><\/td>\n<\/tr>\n<tr>\n<td style=\"padding-left: 40px;\">\u010dokol\u00e1dov\u00e1 rolka<\/td>\n<td><strong>0,76\u20ac\/ks<\/strong><\/td>\n<\/tr>\n<tr>\n<td style=\"padding-left: 40px;\">pizza slim\u00e1ky z\u00a0l\u00edstkov\u00e9ho cesta<\/td>\n<td><strong>0,50\u20ac\/ks<\/strong><\/td>\n<\/tr>\n<tr>\n<td style=\"padding-left: 40px;\">b\u00e1bovka 1ks<\/td>\n<td><strong>0,60\u20ac\/ks<\/strong><\/td>\n<\/tr>\n<tr>\n<td style=\"padding-left: 40px;\">ovocie<\/td>\n<td><strong>1\u20ac\/100g<\/strong><\/td>\n<\/tr>\n<tr>\n<td style=\"padding-left: 40px;\">nealko (fanta, coca cola, sprite, cappy, bonaqua, kinley tonic, nestea)<\/td>\n<td><strong>1,10\u20ac\/ks<\/strong><\/td>\n<\/tr>\n<tr>\n<td>\n<ul>\n<li>Obedy &#8211; serv\u00edrovan\u00e9 menu (polievka, hlavn\u00e9 jedlo, dezert)<\/li>\n<\/ul>\n<\/td>\n<td><strong>3,99\u20ac\/osoba<\/strong><\/td>\n<\/tr>\n<tr>\n<td>\n<ul>\n<li>Obedy &#8211; bufetov\u00e9 menu (v\u00fdber z\u00a0dvoch polievok, piatich hlavn\u00fdch\u00a0v\u00fdber zo \u0161al\u00e1tov\u00e9ho bufetu, dezert)<\/li>\n<\/ul>\n<\/td>\n<td><strong>7,50\u20ac\/osoba<\/strong><\/td>\n<\/tr>\n<tr>\n<td>\n<ul>\n<li>Ubytovanie:<\/li>\n<\/ul>\n<\/td>\n<td><\/td>\n<\/tr>\n<tr>\n<td style=\"padding-left: 40px;\">Pondelok \u2013 Piatok<\/td>\n<td><strong><strong>od 40 \u20ac\/osoba<\/strong> s\u00a0ra\u0148ajkami na dvojl\u00f4\u017ekovej izbe pri obsaden\u00ed\u00a0izby 2 osobami (v z\u00e1vislosti od po\u010dtu ubytovan\u00fdch host\u00ed)<\/strong><\/td>\n<\/tr>\n<tr>\n<td style=\"padding-left: 40px;\">Piatok &#8211; Nede\u013ea<\/td>\n<td><strong><strong>o<strong>od 30 \u20ac\/osoba<\/strong> s\u00a0ra\u0148ajkami na dvojl\u00f4\u017ekovej izbe pri obsaden\u00ed\u00a0izby 2 osobami (v z\u00e1vislosti od po\u010dtu ubytovan\u00fdch host\u00ed)<\/strong><\/strong><\/td>\n<\/tr>\n<\/tbody>\n<\/table>\n","protected":false},"excerpt":{"rendered":"<p>Palace Hotel Polom**** v \u017diline pon\u00faka \u0161irok\u00fa \u0161k\u00e1lu konferen\u010dn\u00fdch klimatizovan\u00fdch priestorov pre firemn\u00e9 a\u00a0s\u00fakromn\u00e9 akcie. Hotel disponuje tromi konferen\u010dn\u00fdmi s\u00e1lami a dvomi sal\u00f3nikmi. V\u010faka variabilnosti t\u00fdchto priestorov a \u0161pi\u010dkov\u00e9mu technick\u00e9mu vybaveniu je mo\u017en\u00e9 usporiada\u0165 konferencie, semin\u00e1re, kurzy, \u0161kolenia, kurzy, obchodn\u00e9 a pracovn\u00e9 rokovania a in\u00e9 spolo\u010densk\u00e9 podujatia.\u00a0Profesion\u00e1lny t\u00edm Palace Hotel Polom**** v\u00a0\u017diline zabezpe\u010d\u00ed vysok\u00fd \u0161tandard organiz\u00e1cie akci\u00ed. Samozrejmos\u0165ou je mo\u017enos\u0165 usporiadania stolov, ako aj pr\u00edpravy ob\u010derstvenia pod\u013ea v\u00e1\u0161ho \u017eelania.<\/p>\n<p>Palace Hotel Polom Restaurant **** dok\u00e1\u017ee flexibilne prisp\u00f4sobi\u0165 svoje priestory pre r\u00f4zne pr\u00edle\u017eitosti &#8211;<\/p>\n","protected":false},"author":10,"featured_media":0,"parent":474,"menu_order":2,"comment_status":"closed","ping_status":"closed","template":"","meta":{"ngg_post_thumbnail":0,"footnotes":""},"_links":{"self":[{"href":"https:\/\/palacehotelpolom.sk\/en\/wp-json\/wp\/v2\/pages\/481"}],"collection":[{"href":"https:\/\/palacehotelpolom.sk\/en\/wp-json\/wp\/v2\/pages"}],"about":[{"href":"https:\/\/palacehotelpolom.sk\/en\/wp-json\/wp\/v2\/types\/page"}],"author":[{"embeddable":true,"href":"https:\/\/palacehotelpolom.sk\/en\/wp-json\/wp\/v2\/users\/10"}],"replies":[{"embeddable":true,"href":"https:\/\/palacehotelpolom.sk\/en\/wp-json\/wp\/v2\/comments?post=481"}],"version-history":[{"count":2,"href":"https:\/\/palacehotelpolom.sk\/en\/wp-json\/wp\/v2\/pages\/481\/revisions"}],"predecessor-version":[{"id":631,"href":"https:\/\/palacehotelpolom.sk\/en\/wp-json\/wp\/v2\/pages\/481\/revisions\/631"}],"up":[{"embeddable":true,"href":"https:\/\/palacehotelpolom.sk\/en\/wp-json\/wp\/v2\/pages\/474"}],"wp:attachment":[{"href":"https:\/\/palacehotelpolom.sk\/en\/wp-json\/wp\/v2\/media?parent=481"}],"curies":[{"name":"wp","href":"https:\/\/api.w.org\/{rel}","templated":true}]}}